{"id":178,"date":"2023-06-23T11:45:26","date_gmt":"2023-06-23T11:45:26","guid":{"rendered":"https:\/\/meetingvets.com\/?page_id=178"},"modified":"2023-08-31T14:50:28","modified_gmt":"2023-08-31T14:50:28","slug":"about","status":"publish","type":"page","link":"https:\/\/meetingvets.com\/pt\/about\/","title":{"rendered":"About"},"content":{"rendered":"<div data-elementor-type=\"wp-page\" data-elementor-id=\"178\" class=\"elementor elementor-178\">\n\t\t\t\t\t\t\t\t\t<section class=\"elementor-section elementor-top-section elementor-element elementor-element-9f9117d elementor-section-boxed elementor-section-height-default elementor-section-height-default\" data-id=\"9f9117d\" data-element_type=\"section\">\n\t\t\t\t\t\t<div class=\"elementor-container elementor-column-gap-default\">\n\t\t\t\t\t<div class=\"elementor-column elementor-col-100 elementor-top-column elementor-element elementor-element-83e5b33\" data-id=\"83e5b33\" data-element_type=\"column\">\n\t\t\t<div class=\"elementor-widget-wrap elementor-element-populated\">\n\t\t\t\t\t\t\t\t<div class=\"elementor-element elementor-element-17ec994 elementor-widget elementor-widget-title_text\" data-id=\"17ec994\" data-element_type=\"widget\" data-widget_type=\"title_text.default\">\n\t\t\t\t<div class=\"elementor-widget-container\">\n\t\t\t<section class=\"section section-title-text\"\n         style=\"background-color: #C7003E;\">\n    <div class=\"wrapper-content center\"\n         style=\"padding-top: 4rem;                 padding-bottom: 3rem;\">\n        <div class=\"content\"\n             style=\"color:#FFFFFF;\">\n            <h2 style=\"color: #1C1C1C;\">\n                Estamos sempre conectados para que os PetParents possam desconectar            <\/h2>\n\n            <p>Respondemos a qualquer consulta veterin\u00e1ria em menos de 2 minutos.<\/p>\n            <!-- <a href=\"#\" class=\"button button-primary mt-4\">Ver m\u00e1s<\/a> -->\n        <\/div>\n    <\/div>\n<\/section>\n\t\t<\/div>\n\t\t\t\t<\/div>\n\t\t\t\t\t<\/div>\n\t\t<\/div>\n\t\t\t\t\t\t\t<\/div>\n\t\t<\/section>\n\t\t\t\t<section class=\"elementor-section elementor-top-section elementor-element elementor-element-da3a3dd elementor-section-boxed elementor-section-height-default elementor-section-height-default\" data-id=\"da3a3dd\" data-element_type=\"section\">\n\t\t\t\t\t\t<div class=\"elementor-container elementor-column-gap-default\">\n\t\t\t\t\t<div class=\"elementor-column elementor-col-100 elementor-top-column elementor-element elementor-element-a78e9ad\" data-id=\"a78e9ad\" data-element_type=\"column\">\n\t\t\t<div class=\"elementor-widget-wrap elementor-element-populated\">\n\t\t\t\t\t\t\t\t<div class=\"elementor-element elementor-element-f553de2 elementor-widget elementor-widget-image_text\" data-id=\"f553de2\" data-element_type=\"widget\" data-widget_type=\"image_text.default\">\n\t\t\t\t<div class=\"elementor-widget-container\">\n\t\t\t<section class=\"section section-image-text\">\n    <div class=\"wrapper-content\" style=\"background-color: ;\">\n        <div class=\"content   padding-text no-padding-content\">\n            <div class=\"image\">\n                <picture>\n                    <source srcset=\"https:\/\/storage.googleapis.com\/production-meetingvets-com-uploads\/2023\/08\/about1-MV.jpg\" media=\"(max-width: 576px)\">\n                    <img decoding=\"async\" src=\"https:\/\/storage.googleapis.com\/production-meetingvets-com-uploads\/2023\/08\/about1-MV.jpg\" class=\"background-image\"\n                         alt=\"Somos Meeting Doctors\">\n                <\/picture>\n            <\/div>\n            <div class=\"text\"\n                 style=\"background-color: ;color: ;\">\n                <div>\n                    <h2 class=\"\" style=\"color: ;\">\n                        N\u00f3s somos a Meeting Vets                    <\/h2>\n                    <p>Nascidos da parceria com a Meeting Doctors, com presen\u00e7a internacional, atualmente colaboramos com mais de 25 marcas em diversas ind\u00fastrias. Nossa tecnologia nos permite realizar consultas veterin\u00e1rias focadas em melhorar a qualidade de vida tanto de nossos melhores amigos peludos quanto de seus cuidadores.<\/p>                <\/div>\n\n                                                            <a href=\"\" data-bs-toggle=\"modal\" data-bs-target=\"#modalForm\"\n                           class=\"button button-primary\"\n                           target=\"_self\">\n                            Solicite uma demonstra\u00e7\u00e3o                        <\/a>\n                                                <\/div>\n        <\/div>\n    <\/div>\n<\/section>\n\t\t<\/div>\n\t\t\t\t<\/div>\n\t\t\t\t\t<\/div>\n\t\t<\/div>\n\t\t\t\t\t\t\t<\/div>\n\t\t<\/section>\n\t\t\t\t<section class=\"elementor-section elementor-top-section elementor-element elementor-element-5e03ffb elementor-section-boxed elementor-section-height-default elementor-section-height-default\" data-id=\"5e03ffb\" data-element_type=\"section\">\n\t\t\t\t\t\t<div class=\"elementor-container elementor-column-gap-default\">\n\t\t\t\t\t<div class=\"elementor-column elementor-col-100 elementor-top-column elementor-element elementor-element-f4ab2cf\" data-id=\"f4ab2cf\" data-element_type=\"column\">\n\t\t\t<div class=\"elementor-widget-wrap elementor-element-populated\">\n\t\t\t\t\t\t\t\t<div class=\"elementor-element elementor-element-fffdf14 elementor-widget elementor-widget-spacer\" data-id=\"fffdf14\" data-element_type=\"widget\" data-widget_type=\"spacer.default\">\n\t\t\t\t<div class=\"elementor-widget-container\">\n\t\t\t<style>\/*! elementor - v3.12.0 - 29-03-2023 *\/\n.elementor-column .elementor-spacer-inner{height:var(--spacer-size)}.e-con{--container-widget-width:100%}.e-con-inner>.elementor-widget-spacer,.e-con>.elementor-widget-spacer{width:var(--container-widget-width,var(--spacer-size));--align-self:var(--container-widget-align-self,initial);--flex-shrink:0}.e-con-inner>.elementor-widget-spacer>.elementor-widget-container,.e-con-inner>.elementor-widget-spacer>.elementor-widget-container>.elementor-spacer,.e-con>.elementor-widget-spacer>.elementor-widget-container,.e-con>.elementor-widget-spacer>.elementor-widget-container>.elementor-spacer{height:100%}.e-con-inner>.elementor-widget-spacer>.elementor-widget-container>.elementor-spacer>.elementor-spacer-inner,.e-con>.elementor-widget-spacer>.elementor-widget-container>.elementor-spacer>.elementor-spacer-inner{height:var(--container-widget-height,var(--spacer-size))}<\/style>\t\t<div class=\"elementor-spacer\">\n\t\t\t<div class=\"elementor-spacer-inner\"><\/div>\n\t\t<\/div>\n\t\t\t\t<\/div>\n\t\t\t\t<\/div>\n\t\t\t\t\t<\/div>\n\t\t<\/div>\n\t\t\t\t\t\t\t<\/div>\n\t\t<\/section>\n\t\t\t\t<section class=\"elementor-section elementor-top-section elementor-element elementor-element-d7b9bbc elementor-section-boxed elementor-section-height-default elementor-section-height-default\" data-id=\"d7b9bbc\" data-element_type=\"section\">\n\t\t\t\t\t\t<div class=\"elementor-container elementor-column-gap-default\">\n\t\t\t\t\t<div class=\"elementor-column elementor-col-100 elementor-top-column elementor-element elementor-element-2381d4d\" data-id=\"2381d4d\" data-element_type=\"column\">\n\t\t\t<div class=\"elementor-widget-wrap elementor-element-populated\">\n\t\t\t\t\t\t\t\t<div class=\"elementor-element elementor-element-371cb7a elementor-widget elementor-widget-carrousel_images\" data-id=\"371cb7a\" data-element_type=\"widget\" data-widget_type=\"carrousel_images.default\">\n\t\t\t\t<div class=\"elementor-widget-container\">\n\t\t\t<section class=\"section section-carrousel-images\">\n    <div class=\"wrapper-content\">\n        <div class=\"content\">\n                            <h2>A imprensa est\u00e1 falando sobre n\u00f3s<\/h2>\n                        <div class=\"splide splide-images\">\n                <div class=\"splide__track\">\n                    <div class=\"splide__list\">\n                                                    <div class=\"splide__slide\">\n                                <a href=\"https:\/\/www.europapress.es\/economia\/noticia-orange-entra-segmento-mascotas-servicio-televeterinaria-20230410104943.html\" title=\"europapress\"\n                                   target=\"_blank\"\n                                                                    >\n                                    <img decoding=\"async\" src=\"https:\/\/storage.googleapis.com\/production-meetingvets-com-uploads\/2023\/08\/logo-europapress.jpeg\" alt=\"europapress\">\n                                <\/a>\n                            <\/div>\n                                                    <div class=\"splide__slide\">\n                                <a href=\"https:\/\/www.pymeseguros.com\/los-clientes-de-mascotas-de-mapfre-dispondr%C3%A1n-de-un-chat-con-veterinarios\" title=\"Pymesseguros\"\n                                   target=\"_blank\"\n                                                                    >\n                                    <img decoding=\"async\" src=\"https:\/\/storage.googleapis.com\/production-meetingvets-com-uploads\/2023\/08\/pymes-seguros-logo.png\" alt=\"Pymesseguros\">\n                                <\/a>\n                            <\/div>\n                                                    <div class=\"splide__slide\">\n                                <a href=\"https:\/\/empresa.nestle.es\/es\/sala-de-prensa\/actualidad-nestle\/meeting-vets-gana-purina-vet-challenge   https:\/\/future.inese.es\/nace-meeting-vets\/  \" title=\"f\u00fcture\"\n                                   target=\"_blank\"\n                                                                    >\n                                    <img decoding=\"async\" src=\"https:\/\/storage.googleapis.com\/production-meetingvets-com-uploads\/2023\/08\/future-logo.webp\" alt=\"f\u00fcture\">\n                                <\/a>\n                            <\/div>\n                                                    <div class=\"splide__slide\">\n                                <a href=\"https:\/\/www.lainformacion.com\/empresas\/orange-lanza-servicio-veterinaria-online-mano-meeting-vets\/2884329\/\" title=\"lainformaci\u00f3n\"\n                                   target=\"_blank\"\n                                                                    >\n                                    <img decoding=\"async\" src=\"https:\/\/storage.googleapis.com\/production-meetingvets-com-uploads\/2023\/08\/lainformacion-logo.png\" alt=\"lainformaci\u00f3n\">\n                                <\/a>\n                            <\/div>\n                                                    <div class=\"splide__slide\">\n                                <a href=\"https:\/\/revistanegocios.es\/orange-entra-en-el-segmento-de-mascotas-con-un-servicio-de-televeterinaria\/\" title=\"revista negocios\"\n                                   target=\"_blank\"\n                                                                    >\n                                    <img decoding=\"async\" src=\"https:\/\/storage.googleapis.com\/production-meetingvets-com-uploads\/2023\/08\/revista-negocios-logo.png\" alt=\"revista negocios\">\n                                <\/a>\n                            <\/div>\n                                                    <div class=\"splide__slide\">\n                                <a href=\"https:\/\/www.bolsamania.com\/noticias\/empresas\/orange-entra-segmento-mascotas-servicio-televeterinaria--12952590.html\" title=\"bolsamania\"\n                                   target=\"_blank\"\n                                                                    >\n                                    <img decoding=\"async\" src=\"https:\/\/storage.googleapis.com\/production-meetingvets-com-uploads\/2023\/08\/bolamania-logo.png\" alt=\"bolsamania\">\n                                <\/a>\n                            <\/div>\n                                            <\/div>\n                <\/div>\n            <\/div>\n        <\/div>\n    <\/div>\n<\/section>\n\t\t<\/div>\n\t\t\t\t<\/div>\n\t\t\t\t\t<\/div>\n\t\t<\/div>\n\t\t\t\t\t\t\t<\/div>\n\t\t<\/section>\n\t\t\t\t<section class=\"elementor-section elementor-top-section elementor-element elementor-element-0d6f460 elementor-section-boxed elementor-section-height-default elementor-section-height-default\" data-id=\"0d6f460\" data-element_type=\"section\">\n\t\t\t\t\t\t<div class=\"elementor-container elementor-column-gap-default\">\n\t\t\t\t\t<div class=\"elementor-column elementor-col-100 elementor-top-column elementor-element elementor-element-f7e8d40\" data-id=\"f7e8d40\" data-element_type=\"column\">\n\t\t\t<div class=\"elementor-widget-wrap elementor-element-populated\">\n\t\t\t\t\t\t\t\t<div class=\"elementor-element elementor-element-5393050 elementor-widget elementor-widget-spacer\" data-id=\"5393050\" data-element_type=\"widget\" data-widget_type=\"spacer.default\">\n\t\t\t\t<div class=\"elementor-widget-container\">\n\t\t\t\t\t<div class=\"elementor-spacer\">\n\t\t\t<div class=\"elementor-spacer-inner\"><\/div>\n\t\t<\/div>\n\t\t\t\t<\/div>\n\t\t\t\t<\/div>\n\t\t\t\t\t<\/div>\n\t\t<\/div>\n\t\t\t\t\t\t\t<\/div>\n\t\t<\/section>\n\t\t\t\t<section class=\"elementor-section elementor-top-section elementor-element elementor-element-c88e0bb elementor-section-boxed elementor-section-height-default elementor-section-height-default\" data-id=\"c88e0bb\" data-element_type=\"section\">\n\t\t\t\t\t\t<div class=\"elementor-container elementor-column-gap-default\">\n\t\t\t\t\t<div class=\"elementor-column elementor-col-100 elementor-top-column elementor-element elementor-element-3a03ae2\" data-id=\"3a03ae2\" data-element_type=\"column\">\n\t\t\t<div class=\"elementor-widget-wrap elementor-element-populated\">\n\t\t\t\t\t\t\t\t<div class=\"elementor-element elementor-element-dfe4205 elementor-widget elementor-widget-image_text\" data-id=\"dfe4205\" data-element_type=\"widget\" data-widget_type=\"image_text.default\">\n\t\t\t\t<div class=\"elementor-widget-container\">\n\t\t\t<section class=\"section section-image-text\">\n    <div class=\"wrapper-content\" style=\"background-color: ;\">\n        <div class=\"content  reverse padding-text no-padding-content\">\n            <div class=\"image\">\n                <picture>\n                    <source srcset=\"https:\/\/storage.googleapis.com\/production-meetingvets-com-uploads\/2023\/08\/about2-MV.jpg\" media=\"(max-width: 576px)\">\n                    <img decoding=\"async\" src=\"https:\/\/storage.googleapis.com\/production-meetingvets-com-uploads\/2023\/08\/about2-MV.jpg\" class=\"background-image\"\n                         alt=\"C\u00f3mo estamos ayudando\">\n                <\/picture>\n            <\/div>\n            <div class=\"text\"\n                 style=\"background-color: ;color: ;\">\n                <div>\n                    <h2 class=\"\" style=\"color: ;\">\n                        Como estamos ajudando                    <\/h2>\n                    <p>Atendemos clientes e funcion\u00e1rios de setores como seguradoras, alimentos para animais, ind\u00fastria farmac\u00eautica e telecomunica\u00e7\u00f5es, entre outros. Nosso servi\u00e7o \u00e9 muito valorizado pelos usu\u00e1rios, com <strong>Pontua\u00e7\u00f5es NPS acima de 70%, melhorando o engajamento e reduzindo a rotatividade na maioria dos servi\u00e7os ativos.\u00a0<\/strong><\/p><p>Sejam clientes ou funcion\u00e1rios, mais de 40% das fam\u00edlias espanholas t\u00eam animais de estima\u00e7\u00e3o, e todos esses tutores de animais t\u00eam a necessidade, em algum momento, de consultar um veterin\u00e1rio para condi\u00e7\u00f5es de sa\u00fade, excesso de peso ou cuidados para melhorar a sa\u00fade dos animais.\u00a0<\/p><p>Gra\u00e7as ao nosso servi\u00e7o de resposta imediata, estamos fornecendo solu\u00e7\u00f5es para melhorar a sa\u00fade dos animais de estima\u00e7\u00e3o para todos os clientes que se preocupam com o bem-estar deles.<\/p><p>Oferecemos orienta\u00e7\u00e3o veterin\u00e1ria e identificamos poss\u00edveis causas de problemas de sa\u00fade, antecipando os cuidados para melhorar a qualidade de vida dos animais de estima\u00e7\u00e3o.\u00a0\u00a0<\/p><div><div><div>\u00a0<\/div><\/div><\/div>                <\/div>\n\n                            <\/div>\n        <\/div>\n    <\/div>\n<\/section>\n\t\t<\/div>\n\t\t\t\t<\/div>\n\t\t\t\t\t<\/div>\n\t\t<\/div>\n\t\t\t\t\t\t\t<\/div>\n\t\t<\/section>\n\t\t\t\t<section class=\"elementor-section elementor-top-section elementor-element elementor-element-a069247 elementor-section-boxed elementor-section-height-default elementor-section-height-default\" data-id=\"a069247\" data-element_type=\"section\">\n\t\t\t\t\t\t<div class=\"elementor-container elementor-column-gap-default\">\n\t\t\t\t\t<div class=\"elementor-column elementor-col-100 elementor-top-column elementor-element elementor-element-00ccafa\" data-id=\"00ccafa\" data-element_type=\"column\">\n\t\t\t<div class=\"elementor-widget-wrap elementor-element-populated\">\n\t\t\t\t\t\t\t\t<div class=\"elementor-element elementor-element-86657af elementor-widget elementor-widget-contact_form\" data-id=\"86657af\" data-element_type=\"widget\" data-widget_type=\"contact_form.default\">\n\t\t\t\t<div class=\"elementor-widget-container\">\n\t\t\t<section class=\"section section-form\"\n         style=\"background-color:;background-image: url('');\">\n    <div class=\"bullets-colors\">\n        <div class=\"bullet\" style=\"background-color: #1C1C1C;\"><\/div>\n        <div class=\"bullet\" style=\"background-color: #4FA6FB;\"><\/div>\n        <div class=\"bullet\" style=\"background-color: #C7003E;\"><\/div>\n        <div class=\"bullet\" style=\"background-color: #3BC137;\"><\/div>\n    <\/div>\n    <div class=\"wrapper-content\">\n        <div class=\"content\">\n            <div class=\"text\" style=\"color:;\">\n                <h2 style=\"color:;\">\n                    Entre em contato conosco.                <\/h2>\n\n                <p>Vamos esclarecer suas d\u00favidas e analisar seu caso para ajud\u00e1-lo da melhor forma poss\u00edvel.<\/p>            <\/div>\n\n            <form id=\"form-contacta\" class=\"form\" action=\"\/pt\/forms\/contact.php\/\" method=\"POST\" data-trp-original-action=\"\/forms\/contact.php\">\n                <input type=\"hidden\" name=\"origin\" value=\"Meeting_Contact_Form\">\n                <input type=\"text\" id=\"input1\" name=\"input1\" style=\"display:none;\" \/>\n                <div class=\"inputs\">\n                    <label for=\"name\">Nome<\/label>\n                    <div class=\"input\">\n                        <input id=\"name\" type=\"text\" name=\"name\" placeholder=\"Nome\">\n                    <\/div>\n                    <span class=\"message-error\">El campo es obligatorio.<\/span>\n                <\/div>\n                <div class=\"inputs\">\n                    <label for=\"lastname\">Sobrenome<\/label>\n                    <div class=\"input\">\n                        <input id=\"lastname\" type=\"text\" name=\"lastname\" placeholder=\"Sobrenome\">\n                    <\/div>\n                    <span class=\"message-error\">El campo es obligatorio.<\/span>\n                <\/div>\n                <div class=\"inputs\">\n                    <label for=\"email\">Email<\/label>\n                    <div class=\"input\">\n                        <input id=\"email\" type=\"text\" name=\"email\" placeholder=\"email\">\n                    <\/div>\n                    <span class=\"message-error\">El campo es obligatorio.<\/span>\n                <\/div>\n                <div class=\"inputs\">\n                    <label for=\"enterprise\">Empresa<\/label>\n                    <div class=\"input\">\n                        <input id=\"enterprise\" type=\"text\" name=\"enterprise\" placeholder=\"Nome da empresa\">\n                    <\/div>\n                    <span class=\"message-error\">El campo es obligatorio.<\/span>\n                <\/div>\n                <div class=\"textareas\">\n                    <label for=\"contact-message\">Mansagem<\/label>\n                    <div class=\"textarea\">\n                        <textarea id=\"message\" name=\"message\" placeholder=\"Como podemos ajudar voc\u00ea?\"><\/textarea>\n                    <\/div>\n                    <span class=\"message-error\">El campo es obligatorio.<\/span>\n                <\/div>\n                <div class=\"checkboxs\">\n                    <div class=\"fake-label\"><\/div>\n                    <div class=\"options\">\n                        <label for=\"legals\" class=\"checkbox\">\n                            <input id=\"legals\" type=\"checkbox\" name=\"legals\"\/>\n                            <span class=\"fake-input\"><\/span>\n                            <span class=\"description\">Li e aceito a <a target=\"_blank\"\n                                                                              href=\"https:\/\/meetingvets.com\/pt\/politica-privacidad\/\">Pol\u00edtica de Privacidade<\/a><\/span>\n                        <\/label>\n                    <\/div>\n                    <span class=\"message-error\">El campo es obligatorio.<\/span>\n                <\/div>\n                <div class=\"footer-form\">\n                    <button type=\"submit\" id=\"submit-form-contacta\" class=\"button button-secondary\">Enviar\n                    <\/button>\n                    <div class=\"sent d-none\">Enviado correctamente<\/div>\n                    <div class=\"failed d-none\">Ha ocurrido un error inesperado<\/div>\n                <\/div>\n            <input type=\"hidden\" name=\"trp-form-language\" value=\"pt\"\/><\/form>\n        <\/div>\n    <\/div>\n<\/section>\n\t\t<\/div>\n\t\t\t\t<\/div>\n\t\t\t\t\t<\/div>\n\t\t<\/div>\n\t\t\t\t\t\t\t<\/div>\n\t\t<\/section>\n\t\t\t\t\t\t\t<\/div>","protected":false},"excerpt":{"rendered":"<p>Estamos siempre conectados para que los PetParents puedan desconectar. Respondemos a cualquier consulta veterinaria en menos e 2 minutos Somos Meeting Doctors Nacidos de la mano de Meeting Doctors, con presencia internacional, actualmente colaboramos con m\u00e1s de 25 marcas en diversas industrias. Nuestra tecnolog\u00eda nos permite realizar consultas veterinarias enfocadas en mejorar la calidad de [&hellip;]<\/p>","protected":false},"author":1,"featured_media":0,"parent":0,"menu_order":0,"comment_status":"closed","ping_status":"closed","template":"","meta":{"footnotes":""},"class_list":["post-178","page","type-page","status-publish","hentry"],"meta_box":{"page-title":"MeetingVets - El servicio de Televet para tu empresa","page-description":"Una soluci\u00f3n digital de salud para mascotas que permite a las empresas ofrecer un servicio \u00fanico.","page-image":[{"width":150,"height":65,"file":"2023\/08\/Group-514297.png","filesize":118919,"sizes":[],"image_meta":{"aperture":"0","credit":"","camera":"","caption":"","created_timestamp":"0","copyright":"","focal_length":"0","iso":"0","shutter_speed":"0","title":"","orientation":"0","keywords":[]},"gs_link":"https:\/\/storage.googleapis.com\/production-meetingvets-com-uploads\/2023\/08\/Group-514297.png","gs_name":"2023\/08\/Group-514297.png","gs_bucket":"production-meetingvets-com-uploads","ID":"461","name":"Group-514297.png","path":"\/var\/www\/web\/app\/uploads\/2023\/08\/Group-514297.png","url":"https:\/\/storage.googleapis.com\/production-meetingvets-com-uploads\/2023\/08\/Group-514297.png","full_url":"https:\/\/storage.googleapis.com\/production-meetingvets-com-uploads\/2023\/08\/Group-514297.png","title":"Group 514297","caption":"","description":"","alt":"","srcset":false}]},"_links":{"self":[{"href":"https:\/\/meetingvets.com\/pt\/wp-json\/wp\/v2\/pages\/178","targetHints":{"allow":["GET"]}}],"collection":[{"href":"https:\/\/meetingvets.com\/pt\/wp-json\/wp\/v2\/pages"}],"about":[{"href":"https:\/\/meetingvets.com\/pt\/wp-json\/wp\/v2\/types\/page"}],"author":[{"embeddable":true,"href":"https:\/\/meetingvets.com\/pt\/wp-json\/wp\/v2\/users\/1"}],"replies":[{"embeddable":true,"href":"https:\/\/meetingvets.com\/pt\/wp-json\/wp\/v2\/comments?post=178"}],"version-history":[{"count":41,"href":"https:\/\/meetingvets.com\/pt\/wp-json\/wp\/v2\/pages\/178\/revisions"}],"predecessor-version":[{"id":540,"href":"https:\/\/meetingvets.com\/pt\/wp-json\/wp\/v2\/pages\/178\/revisions\/540"}],"wp:attachment":[{"href":"https:\/\/meetingvets.com\/pt\/wp-json\/wp\/v2\/media?parent=178"}],"curies":[{"name":"wp","href":"https:\/\/api.w.org\/{rel}","templated":true}]}}